{"id":21,"date":"2023-10-12T09:50:10","date_gmt":"2023-10-12T07:50:10","guid":{"rendered":"http:\/\/ciudadanialegal.cl\/?page_id=21"},"modified":"2023-10-23T21:00:42","modified_gmt":"2023-10-24T00:00:42","slug":"inicio","status":"publish","type":"page","link":"https:\/\/ciudadanialegal.cl\/","title":{"rendered":"Inicio"},"content":{"rendered":"<p>[et_pb_section fb_built=\u00bb1&#8243; _builder_version=\u00bb4.21.2&#8243; _module_preset=\u00bbdefault\u00bb background_color=\u00bb#0a0a0a\u00bb min_height_tablet=\u00bb\u00bb min_height_phone=\u00bb250px\u00bb min_height_last_edited=\u00bbon|phone\u00bb height_tablet=\u00bb\u00bb height_phone=\u00bb250px\u00bb height_last_edited=\u00bbon|phone\u00bb max_height_tablet=\u00bb\u00bb max_height_phone=\u00bb250px\u00bb max_height_last_edited=\u00bbon|phone\u00bb custom_margin=\u00bb0px|0px|0px|0px|true|true\u00bb custom_padding=\u00bb0px|0px|0px|0px|true|true\u00bb global_colors_info=\u00bb{}\u00bb][et_pb_row _builder_version=\u00bb4.21.2&#8243; _module_preset=\u00bbdefault\u00bb background_color=\u00bbRGBA(255,255,255,0)\u00bb width=\u00bb100%\u00bb max_width=\u00bb1775px\u00bb module_alignment=\u00bbcenter\u00bb height=\u00bb530px\u00bb custom_margin=\u00bb0px|0px|0px|0px|true|true\u00bb custom_padding=\u00bb0px|0px|0px|0px|true|true\u00bb global_colors_info=\u00bb{}\u00bb][et_pb_column type=\u00bb4_4&#8243; _builder_version=\u00bb4.21.2&#8243; _module_preset=\u00bbdefault\u00bb background_color=\u00bbRGBA(255,255,255,0)\u00bb custom_padding=\u00bb0px|0px|0px|0px|true|true\u00bb global_colors_info=\u00bb{}\u00bb][et_pb_post_slider posts_number=\u00bb2&#8243; include_categories=\u00bb4&#8243; orderby=\u00bbdate_asc\u00bb show_more_button=\u00bboff\u00bb content_source=\u00bbon\u00bb show_meta=\u00bboff\u00bb show_image_tablet=\u00bb\u00bb show_image_phone=\u00bb\u00bb show_image_last_edited=\u00bbon|desktop\u00bb disabled_on=\u00bbon|off|off\u00bb _builder_version=\u00bb4.21.2&#8243; _module_preset=\u00bbdefault\u00bb header_text_color=\u00bbRGBA(255,255,255,0)\u00bb header_font_size=\u00bb1px\u00bb body_text_align=\u00bbjustify\u00bb body_font_size=\u00bb20px\u00bb body_line_height=\u00bb1.6em\u00bb background_color=\u00bbRGBA(255,255,255,0)\u00bb width=\u00bb100%\u00bb content_max_width_tablet=\u00bb\u00bb content_max_width_phone=\u00bb\u00bb content_max_width_last_edited=\u00bbon|phone\u00bb height=\u00bb530px\u00bb height_last_edited=\u00bboff|phone\u00bb max_height=\u00bb530px\u00bb max_height_tablet=\u00bb530px\u00bb max_height_phone=\u00bb530px\u00bb max_height_last_edited=\u00bbon|desktop\u00bb custom_margin=\u00bb0px||0px||true|false\u00bb custom_padding=\u00bb0px||0px||true|false\u00bb animation_style=\u00bbfade\u00bb animation_direction=\u00bbright\u00bb animation_duration=\u00bb0ms\u00bb animation_starting_opacity=\u00bb100%\u00bb animation_speed_curve=\u00bblinear\u00bb animation_repeat=\u00bbloop\u00bb auto=\u00bbon\u00bb auto_speed=\u00bb15000&#8243; auto_ignore_hover=\u00bbon\u00bb hover_transition_duration=\u00bb100ms\u00bb body_font_size_tablet=\u00bb20px\u00bb body_font_size_phone=\u00bb15px\u00bb body_font_size_last_edited=\u00bbon|phone\u00bb border_color_all_image=\u00bbRGBA(255,255,255,0)\u00bb global_colors_info=\u00bb{}\u00bb][\/et_pb_post_slider][et_pb_code raw_content_last_edited=\u00bboff|phone\u00bb disabled_on=\u00bboff|off|on\u00bb _builder_version=\u00bb4.21.2&#8243; _module_preset=\u00bbdefault\u00bb global_colors_info=\u00bb{}\u00bb][\/et_pb_code][\/et_pb_column][\/et_pb_row][\/et_pb_section][et_pb_section fb_built=\u00bb1&#8243; _builder_version=\u00bb4.21.2&#8243; _module_preset=\u00bbdefault\u00bb hover_enabled=\u00bb0&#8243; global_colors_info=\u00bb{}\u00bb custom_margin=\u00bb0px||0px||true|false\u00bb custom_padding=\u00bb0px|0px|0px|0px|true|true\u00bb custom_margin_last_edited=\u00bbon|phone\u00bb sticky_enabled=\u00bb0&#8243; custom_margin_phone=\u00bb0px|0px|0px|0px|false|true\u00bb custom_margin_tablet=\u00bb0px||0px||true|false\u00bb][et_pb_row disabled_on=\u00bboff|on|on\u00bb _builder_version=\u00bb4.21.2&#8243; _module_preset=\u00bbdefault\u00bb global_colors_info=\u00bb{}\u00bb][et_pb_column type=\u00bb4_4&#8243; _builder_version=\u00bb4.21.2&#8243; _module_preset=\u00bbdefault\u00bb global_colors_info=\u00bb{}\u00bb][et_pb_text content_tablet=\u00bb<\/p>\n<p>Somos un equipo de abogados altamente especializados en litigaci\u00f3n laboral compleja. Contamos con m\u00e1s de veinte a\u00f1os de experiencia representando los intereses de trabajadores y ejecutivos en litigios y negociaciones ante sus empleadores. Nos comprometemos con nuestros clientes durante todo el proceso judicial, ofreciendo un servicio de calidad, eficiente y cercano. Nuestro prop\u00f3sito es que trabajadores y ejecutivos puedan encontrarse en igualdad de condiciones al litigar ante su empleador, gracias a nuestra formaci\u00f3n especializada, constante perfeccionamiento y amplia trayectoria en el derecho laboral.<\/p>\n<p>\u00bb content_phone=\u00bb<\/p>\n<p>Somos un equipo de abogados altamente especializados en litigaci\u00f3n laboral compleja. Contamos con m\u00e1s de veinte a\u00f1os de experiencia representando los intereses de trabajadores y ejecutivos en litigios y negociaciones ante sus empleadores. Nos comprometemos con nuestros clientes durante todo el proceso judicial, ofreciendo un servicio de calidad, eficiente y cercano. Nuestro prop\u00f3sito es que trabajadores y ejecutivos puedan encontrarse en igualdad de condiciones al litigar ante su empleador, gracias a nuestra formaci\u00f3n especializada, constante perfeccionamiento y amplia trayectoria en el derecho laboral.<\/p>\n<p>\u00bb content_last_edited=\u00bbon|phone\u00bb disabled_on=\u00bboff|off|on\u00bb _builder_version=\u00bb4.21.2&#8243; _module_preset=\u00bbdefault\u00bb text_text_color=\u00bb#000000&#8243; text_orientation=\u00bbjustified\u00bb custom_margin_tablet=\u00bb\u00bb custom_margin_phone=\u00bb0px|0px|0px|0px|false|true\u00bb custom_margin_last_edited=\u00bbon|phone\u00bb custom_padding=\u00bb0px|0px|0px|0px|false|true\u00bb text_text_color_tablet=\u00bb#000000&#8243; text_text_color_phone=\u00bb#000000&#8243; text_text_color_last_edited=\u00bbon|phone\u00bb text_font_size_tablet=\u00bb\u00bb text_font_size_phone=\u00bb15px\u00bb text_font_size_last_edited=\u00bbon|phone\u00bb text_orientation_tablet=\u00bbjustified\u00bb text_orientation_phone=\u00bbjustified\u00bb text_orientation_last_edited=\u00bbon|phone\u00bb global_colors_info=\u00bb{}\u00bb]<\/p>\n<p><span style=\"color: #000000;\">Somos un equipo de abogados altamente especializados en litigaci\u00f3n laboral compleja. Contamos con m\u00e1s de veinte a\u00f1os de experiencia representando los intereses de trabajadores y ejecutivos en litigios y negociaciones ante sus empleadores. Nos comprometemos con nuestros clientes durante todo el proceso judicial, ofreciendo un servicio de calidad, eficiente y cercano. Nuestro prop\u00f3sito es que trabajadores y ejecutivos puedan encontrarse en igualdad de condiciones al litigar ante su empleador, gracias a nuestra formaci\u00f3n especializada, constante perfeccionamiento y amplia trayectoria en el derecho laboral.<\/span><\/p>\n<p>[\/et_pb_text][\/et_pb_column][\/et_pb_row][\/et_pb_section]<\/p>\n","protected":false},"excerpt":{"rendered":"<p>Somos un equipo de abogados altamente especializados en litigaci\u00f3n laboral compleja. Contamos con m\u00e1s de veinte a\u00f1os de experiencia representando los intereses de trabajadores y ejecutivos en litigios y negociaciones ante sus empleadores. Nos comprometemos con nuestros clientes durante todo el proceso judicial, ofreciendo un servicio de calidad, eficiente y cercano. Nuestro prop\u00f3sito es [&hellip;]<\/p>\n","protected":false},"author":1,"featured_media":0,"parent":0,"menu_order":0,"comment_status":"closed","ping_status":"closed","template":"","meta":{"_et_pb_use_builder":"on","_et_pb_old_content":"","_et_gb_content_width":"","footnotes":""},"class_list":["post-21","page","type-page","status-publish","hentry"],"_links":{"self":[{"href":"https:\/\/ciudadanialegal.cl\/index.php?rest_route=\/wp\/v2\/pages\/21","targetHints":{"allow":["GET"]}}],"collection":[{"href":"https:\/\/ciudadanialegal.cl\/index.php?rest_route=\/wp\/v2\/pages"}],"about":[{"href":"https:\/\/ciudadanialegal.cl\/index.php?rest_route=\/wp\/v2\/types\/page"}],"author":[{"embeddable":true,"href":"https:\/\/ciudadanialegal.cl\/index.php?rest_route=\/wp\/v2\/users\/1"}],"replies":[{"embeddable":true,"href":"https:\/\/ciudadanialegal.cl\/index.php?rest_route=%2Fwp%2Fv2%2Fcomments&post=21"}],"version-history":[{"count":58,"href":"https:\/\/ciudadanialegal.cl\/index.php?rest_route=\/wp\/v2\/pages\/21\/revisions"}],"predecessor-version":[{"id":485,"href":"https:\/\/ciudadanialegal.cl\/index.php?rest_route=\/wp\/v2\/pages\/21\/revisions\/485"}],"wp:attachment":[{"href":"https:\/\/ciudadanialegal.cl\/index.php?rest_route=%2Fwp%2Fv2%2Fmedia&parent=21"}],"curies":[{"name":"wp","href":"https:\/\/api.w.org\/{rel}","templated":true}]}}